{"id":95,"date":"2011-11-06T19:05:08","date_gmt":"2011-11-06T19:05:08","guid":{"rendered":"http:\/\/www.bbyhaber.com\/bby\/?page_id=95"},"modified":"2021-01-06T17:14:16","modified_gmt":"2021-01-06T14:14:16","slug":"bby-bolumler","status":"publish","type":"page","link":"https:\/\/www.bbyhaber.com\/bby\/bby-bolumler","title":{"rendered":"BBY B\u00f6l\u00fcmler"},"content":{"rendered":"<ul>\n<li style=\"text-align: left;\"><span style=\"color: #0000ff;\"><strong><a href=\"http:\/\/www.bbyhaber.com\/bby\/2012\/07\/22\/bilgi-ve-belge-yonetimi-bolumunu-tercih-edecek-ogrenciler-icin-genel-bilgiler\/\"><span style=\"color: #0000ff;\">Bilgi ve Belge Y\u00f6netimi B\u00f6l\u00fcmleri Hakk\u0131nda Genel Bilgi i\u00e7in t\u0131klay\u0131n\u0131z<\/span><\/a><\/strong><\/span><\/li>\n<\/ul>\n<table style=\"width: 100%; height: 1438px;\" border=\"0\">\n<tbody>\n<tr>\n<td style=\"text-align: center;\" colspan=\"4\" rowspan=\"1\" scope=\"row\"><span style=\"color: #008000;\"><strong>BBY B\u00f6l\u00fcm\u00fc Bulunan \u00dcniversiteler<\/strong><\/span><\/td>\n<\/tr>\n<tr>\n<td style=\"text-align: center;\" scope=\"row\"><span style=\"color: #0000ff;\"><a href=\"http:\/\/bilgibelge.humanity.ankara.edu.tr\/\" target=\"_blank\" rel=\"noopener noreferrer\"><span style=\"color: #0000ff;\">Ankara \u00dcniversitesi<\/span><\/a><\/span><\/td>\n<td style=\"text-align: center;\"><span style=\"color: #0000ff;\"><a href=\"https:\/\/atauni.edu.tr\/bilgi-ve-belge-yonetimi\" target=\"_blank\" rel=\"noopener noreferrer\"><span style=\"color: #0000ff;\">Atat\u00fcrk \u00dcniversitesi<\/span><\/a><\/span><\/td>\n<td style=\"text-align: center;\"><span style=\"color: #0000ff;\"><a href=\"http:\/\/bilgibelge.karatekin.edu.tr\/\" target=\"_blank\" rel=\"noopener noreferrer\"><span style=\"color: #0000ff;\">\u00c7ank\u0131r\u0131 Karatekin \u00dcniversitesi<\/span><\/a><\/span><\/td>\n<td style=\"text-align: center;\"><span style=\"color: #0000ff;\"><a href=\"http:\/\/www.bby.hacettepe.edu.tr\/\" target=\"_blank\" rel=\"noopener noreferrer\"><span style=\"color: #0000ff;\">Hacettepe \u00dcniversitesi<\/span><\/a><\/span><\/td>\n<\/tr>\n<tr>\n<td scope=\"row\"><a href=\"http:\/\/bilgibelge.humanity.ankara.edu.tr\/\" target=\"_blank\" rel=\"noopener noreferrer\"><img loading=\"lazy\" decoding=\"async\" class=\"alignnone\" style=\"height: 100px; width: 100px; display: block; margin-left: auto; margin-right: auto;\" src=\"http:\/\/www.bbyhaber.com\/bby\/wp-content\/uploads\/bby-bolum\/ankara.jpg\" alt=\"\" width=\"150\" height=\"150\" \/><\/a><\/td>\n<td><a href=\"https:\/\/atauni.edu.tr\/bilgi-ve-belge-yonetimi\" target=\"_blank\" rel=\"noopener noreferrer\"><img loading=\"lazy\" decoding=\"async\" class=\"alignnone\" style=\"height: 100px; width: 100px; display: block; margin-left: auto; margin-right: auto;\" src=\"http:\/\/www.bbyhaber.com\/bby\/wp-content\/uploads\/bby-bolum\/erzurum.jpg\" alt=\"\" width=\"150\" height=\"150\" \/><\/a><\/td>\n<td><a href=\"http:\/\/bilgibelge.karatekin.edu.tr\/\" target=\"_blank\" rel=\"noopener noreferrer\"><img loading=\"lazy\" decoding=\"async\" class=\"alignnone\" style=\"height: 100px; width: 100px; display: block; margin-left: auto; margin-right: auto;\" src=\"http:\/\/www.bbyhaber.com\/bby\/wp-content\/uploads\/bby-bolum\/cankiri.jpg\" alt=\"\" width=\"150\" height=\"150\" \/><\/a><\/td>\n<td><a href=\"http:\/\/www.bby.hacettepe.edu.tr\/\" target=\"_blank\" rel=\"noopener noreferrer\"><img loading=\"lazy\" decoding=\"async\" class=\"alignnone\" style=\"height: 100px; width: 100px; display: block; margin-left: auto; margin-right: auto;\" src=\"http:\/\/www.bbyhaber.com\/bby\/wp-content\/uploads\/bby-bolum\/hacettepe.jpg\" alt=\"\" width=\"150\" height=\"150\" \/><\/a><\/td>\n<\/tr>\n<tr>\n<td style=\"text-align: center;\" scope=\"row\"><\/td>\n<td style=\"text-align: center;\"><\/td>\n<td style=\"text-align: center;\"><\/td>\n<td style=\"text-align: center;\"><\/td>\n<\/tr>\n<tr>\n<td style=\"text-align: center;\" scope=\"row\"><\/td>\n<td style=\"text-align: center;\"><\/td>\n<td style=\"text-align: center;\"><\/td>\n<td style=\"text-align: center;\"><\/td>\n<\/tr>\n<tr>\n<td style=\"text-align: center;\" scope=\"row\"><span style=\"color: #0000ff;\"><a href=\"http:\/\/bilgibelge.edebiyat.istanbul.edu.tr\/tr\/_\" target=\"_blank\" rel=\"noopener noreferrer\"><span style=\"color: #0000ff;\">\u0130stanbul \u00dcniversitesi<\/span><\/a><\/span><\/td>\n<td style=\"text-align: center;\"><span style=\"color: #0000ff;\"><a style=\"color: #0000ff;\" href=\"http:\/\/bilgibelge.medeniyet.edu.tr\/tr\" target=\"_blank\" rel=\"noopener noreferrer\">\u0130stanbul Medeniyet \u00dcniversitesi<\/a><\/span><\/td>\n<td style=\"text-align: center;\"><span style=\"color: #0000ff;\"><a href=\"https:\/\/fef.kastamonu.edu.tr\/index.php\/tr\/bilgi-ve-belge-yonetimi\" target=\"_blank\" rel=\"noopener noreferrer\"><span style=\"color: #0000ff;\">Kastamonu \u00dcniversitesi<\/span><\/a><\/span><\/td>\n<td style=\"text-align: center;\"><span style=\"color: #0000ff;\"><a href=\"http:\/\/bby.fef.marmara.edu.tr\/\" target=\"_blank\" rel=\"noopener noreferrer\"><span style=\"color: #0000ff;\">Marmara \u00dcniveristesi<\/span><\/a><\/span><\/td>\n<\/tr>\n<tr>\n<th scope=\"row\"><a href=\"http:\/\/bilgibelge.edebiyat.istanbul.edu.tr\/tr\/_\" target=\"_blank\" rel=\"noopener noreferrer\"><img loading=\"lazy\" decoding=\"async\" class=\"alignnone\" style=\"height: 100px; width: 100px; display: block; margin-left: auto; margin-right: auto;\" src=\"http:\/\/www.bbyhaber.com\/bby\/wp-content\/uploads\/bby-bolum\/istanbul.jpg\" alt=\"\" width=\"150\" height=\"150\" \/><\/a><\/th>\n<td><a href=\"http:\/\/bilgibelge.medeniyet.edu.tr\/tr\" target=\"_blank\" rel=\"noopener noreferrer\"><img loading=\"lazy\" decoding=\"async\" class=\"aligncenter\" style=\"height: 100px; width: 100px;\" src=\"http:\/\/www.bbyhaber.com\/bby\/wp-content\/uploads\/bby-bolum\/medeniyet.jpg\" alt=\"\" width=\"150\" height=\"150\" \/><\/a><\/td>\n<td><a href=\"https:\/\/fef.kastamonu.edu.tr\/index.php\/tr\/bilgi-ve-belge-yonetimi\" target=\"_blank\" rel=\"noopener noreferrer\"><img loading=\"lazy\" decoding=\"async\" class=\"alignnone\" style=\"height: 100px; width: 100px; display: block; margin-left: auto; margin-right: auto;\" src=\"http:\/\/www.bbyhaber.com\/bby\/wp-content\/uploads\/bby-bolum\/kastamonu.jpg\" alt=\"\" width=\"150\" height=\"150\" \/><\/a><\/td>\n<td><a href=\"http:\/\/bby.fef.marmara.edu.tr\/\" target=\"_blank\" rel=\"noopener noreferrer\"><img loading=\"lazy\" decoding=\"async\" class=\"alignnone\" style=\"height: 100px; width: 100px; display: block; margin-left: auto; margin-right: auto;\" src=\"http:\/\/www.bbyhaber.com\/bby\/wp-content\/uploads\/bby-bolum\/marmara.jpg\" alt=\"\" width=\"150\" height=\"150\" \/><\/a><\/td>\n<\/tr>\n<tr>\n<td style=\"text-align: center;\" scope=\"row\"><\/td>\n<td style=\"text-align: center;\"><\/td>\n<td style=\"text-align: center;\"><\/td>\n<td style=\"text-align: center;\"><\/td>\n<\/tr>\n<tr>\n<td style=\"text-align: center;\" scope=\"row\"><\/td>\n<td style=\"text-align: center;\"><\/td>\n<td style=\"text-align: center;\"><\/td>\n<td style=\"text-align: center;\"><\/td>\n<\/tr>\n<tr>\n<td style=\"text-align: center;\" scope=\"row\"><span style=\"color: #0000ff;\"><a style=\"color: #0000ff;\" href=\"http:\/\/bby.osmaniye.edu.tr\/\" target=\"_blank\" rel=\"noopener noreferrer\">Osmaniye Korkut Ata \u00dcniversitesi<\/a><\/span><\/td>\n<td style=\"text-align: center;\"><span style=\"color: #0000ff;\"><a href=\"https:\/\/neu.edu.tr\/akademik\/fakulteler\/iktisadi-ve-idari-bilimler-fakultesi\/bolumler\/bilgi-ve-belge-yonetimi-bolumu\/?lang=tr\" target=\"_blank\" rel=\"noopener noreferrer\"><span style=\"color: #0000ff;\">Yak\u0131ndo\u011fu \u00dcniversitesi<\/span><\/a><\/span><\/td>\n<td style=\"text-align: center;\"><span style=\"color: #0000ff;\"><a href=\"http:\/\/www.ybu.edu.tr\/insanvetoplum\/bilgi-belge\/\" target=\"_blank\" rel=\"noopener noreferrer\"><span style=\"color: #0000ff;\">Y\u0131ld\u0131r\u0131m Beyaz\u0131t \u00dcniversitesi<\/span><\/a><\/span><\/td>\n<td style=\"text-align: center;\"><a href=\"https:\/\/bilgibelge.bartin.edu.tr\/\" target=\"_blank\" rel=\"noopener noreferrer\">Bart\u0131n \u00dcniversitesi<\/a><\/td>\n<\/tr>\n<tr>\n<td style=\"text-align: center;\" scope=\"row\"><a href=\"http:\/\/bby.osmaniye.edu.tr\/\" target=\"_blank\" rel=\"noopener noreferrer\"><img loading=\"lazy\" decoding=\"async\" class=\"alignleft wp-image-22002 size-thumbnail\" src=\"http:\/\/www.bbyhaber.com\/bby\/wp-content\/uploads\/2017\/05\/osmaniye-150x150.jpg\" alt=\"\" width=\"150\" height=\"150\" \/><\/a><\/td>\n<td style=\"text-align: center;\"><a href=\"https:\/\/neu.edu.tr\/akademik\/fakulteler\/iktisadi-ve-idari-bilimler-fakultesi\/bolumler\/bilgi-ve-belge-yonetimi-bolumu\/?lang=tr\" target=\"_blank\" rel=\"noopener noreferrer\"><img loading=\"lazy\" decoding=\"async\" class=\"alignnone\" style=\"height: 100px; width: 100px; display: block; margin-left: auto; margin-right: auto;\" src=\"http:\/\/www.bbyhaber.com\/bby\/wp-content\/uploads\/bby-bolum\/yakindogu.jpg\" alt=\"\" width=\"150\" height=\"150\" \/><\/a><\/td>\n<td style=\"text-align: center;\"><a href=\"http:\/\/www.ybu.edu.tr\/insanvetoplum\/bilgi-belge\/\" target=\"_blank\" rel=\"noopener noreferrer\"><img loading=\"lazy\" decoding=\"async\" class=\"alignnone\" style=\"height: 100px; width: 100px;\" src=\"http:\/\/www.bbyhaber.com\/bby\/wp-content\/uploads\/bby-bolum\/yildirim-beyazit.jpg\" alt=\"\" width=\"150\" height=\"150\" \/><\/a><\/td>\n<td style=\"text-align: center;\"><a href=\"http:\/\/edebiyat.bartin.edu.tr\/SayfaIcerik.aspx?WMvMW5MdMKbXUZkyzxJAXQ==\" target=\"_blank\" rel=\"noopener noreferrer\"><img loading=\"lazy\" decoding=\"async\" class=\"alignnone\" src=\"http:\/\/www.bbyhaber.com\/bby\/wp-content\/uploads\/bby-bolum\/bartin.jpg\" alt=\"\" width=\"150\" height=\"150\" \/><\/a><\/td>\n<\/tr>\n<tr>\n<td style=\"text-align: center;\" colspan=\"4\" scope=\"row\"><\/td>\n<\/tr>\n<tr>\n<td style=\"text-align: center;\" scope=\"row\">\u00a0<span style=\"color: #0000ff;\"><a href=\"http:\/\/bby.ikc.edu.tr\/\" target=\"_blank\" rel=\"noopener noreferrer\">\u0130zmir Katip \u00c7elebi \u00dcniversitesi<\/a><\/span><\/td>\n<td style=\"text-align: center;\"><a href=\"https:\/\/www.ardahan.edu.tr\/birim.aspx?id=1002308\" target=\"_blank\" rel=\"noopener noreferrer\">Ardahan \u00dcniversitesi<\/a><\/td>\n<td style=\"text-align: center;\">\n<div class=\"css-1dbjc4n r-1awozwy r-18u37iz r-dnmrzs\">\n<div class=\"css-901oao r-18jsvk2 r-1qd0xha r-1b6yd1w r-1vr29t4 r-ad9z0x r-bcqeeo r-qvutc0\" dir=\"auto\"><a href=\"https:\/\/erbaasbbf.gop.edu.tr\/Icerik.aspx?d=tr-TR&amp;mk=39008&amp;m=tanitim&amp;bidr=11992&amp;bid=11992\" target=\"_blank\" rel=\"noopener noreferrer\"><span class=\"css-901oao css-16my406 r-1qd0xha r-ad9z0x r-bcqeeo r-qvutc0\">Tokat Gaziosmanpa\u015fa \u00dcniversitesi<\/span><\/a><\/div>\n<\/div>\n<\/td>\n<td style=\"text-align: center;\"><\/td>\n<\/tr>\n<tr>\n<td>\u00a0 \u00a0 \u00a0 \u00a0 <a href=\"http:\/\/bby.ikc.edu.tr\/\" target=\"_blank\" rel=\"noopener noreferrer\"><img loading=\"lazy\" decoding=\"async\" class=\"alignnone\" style=\"height: 100px; width: 100px; display: block; margin-left: auto; margin-right: auto;\" src=\"http:\/\/www.bbyhaber.com\/bby\/wp-content\/uploads\/bby-bolum\/izmirkatipcelebi.jpg\" alt=\"\" width=\"150\" height=\"150\" \/><\/a><\/td>\n<td><a href=\"https:\/\/www.ardahan.edu.tr\/birim.aspx?id=1002308\" target=\"_blank\" rel=\"noopener noreferrer\"><img loading=\"lazy\" decoding=\"async\" class=\"aligncenter wp-image-28929 size-full\" src=\"https:\/\/www.bbyhaber.com\/bby\/wp-content\/uploads\/2021\/01\/unilogo.png\" alt=\"\" width=\"120\" height=\"120\" \/><\/a><\/td>\n<td><a href=\"https:\/\/erbaasbbf.gop.edu.tr\/Icerik.aspx?d=tr-TR&amp;mk=39008&amp;m=tanitim&amp;bidr=11992&amp;bid=11992\" target=\"_blank\" rel=\"noopener noreferrer\"><img loading=\"lazy\" decoding=\"async\" class=\"aligncenter wp-image-28930\" src=\"https:\/\/www.bbyhaber.com\/bby\/wp-content\/uploads\/2021\/01\/tokatlogo-300x300.jpg\" alt=\"\" width=\"139\" height=\"139\" srcset=\"https:\/\/www.bbyhaber.com\/bby\/wp-content\/uploads\/2021\/01\/tokatlogo-300x300.jpg 300w, https:\/\/www.bbyhaber.com\/bby\/wp-content\/uploads\/2021\/01\/tokatlogo-150x150.jpg 150w, https:\/\/www.bbyhaber.com\/bby\/wp-content\/uploads\/2021\/01\/tokatlogo.jpg 400w\" sizes=\"(max-width: 139px) 100vw, 139px\" \/><\/a><\/td>\n<td><\/td>\n<\/tr>\n<tr>\n<td style=\"text-align: center;\" scope=\"row\"><\/td>\n<td style=\"text-align: center;\"><\/td>\n<td style=\"text-align: center;\" scope=\"row\"><\/td>\n<td style=\"text-align: center;\"><\/td>\n<\/tr>\n<tr>\n<td style=\"text-align: center;\" scope=\"row\"><\/td>\n<td style=\"text-align: center;\"><\/td>\n<td style=\"text-align: center;\" scope=\"row\"><\/td>\n<td style=\"text-align: center;\"><\/td>\n<\/tr>\n<tr>\n<td style=\"text-align: center;\" scope=\"row\"><\/td>\n<td style=\"text-align: center;\"><\/td>\n<td style=\"text-align: center;\" scope=\"row\"><\/td>\n<td style=\"text-align: center;\"><\/td>\n<\/tr>\n<tr>\n<th scope=\"row\"><\/th>\n<td><\/td>\n<td><\/td>\n<td><\/td>\n<\/tr>\n<tr>\n<td style=\"text-align: center;\" scope=\"row\"><\/td>\n<td style=\"text-align: center;\"><\/td>\n<td><\/td>\n<td><\/td>\n<\/tr>\n<tr>\n<td style=\"text-align: center;\" scope=\"row\"><\/td>\n<td style=\"text-align: center;\"><\/td>\n<td><\/td>\n<td><\/td>\n<\/tr>\n<tr>\n<td style=\"text-align: center;\" scope=\"row\"><span style=\"font-family: inherit; font-size: inherit;\">\u00a0<\/span><\/td>\n<td style=\"text-align: center;\"><\/td>\n<td><\/td>\n<td><\/td>\n<\/tr>\n<tr>\n<th scope=\"row\"><\/th>\n<td><\/td>\n<td><\/td>\n<td><\/td>\n<\/tr>\n<\/tbody>\n<\/table>\n<p>&nbsp;<\/p>\n<p>&nbsp;<\/p>\n","protected":false},"excerpt":{"rendered":"<p>Bilgi ve Belge Y\u00f6netimi B\u00f6l\u00fcmleri Hakk\u0131nda Genel Bilgi i\u00e7in t\u0131klay\u0131n\u0131z BBY B\u00f6l\u00fcm\u00fc Bulunan \u00dcniversiteler Ankara \u00dcniversitesi Atat\u00fcrk \u00dcniversitesi \u00c7ank\u0131r\u0131 Karatekin \u00dcniversitesi Hacettepe \u00dcniversitesi \u0130stanbul \u00dcniversitesi \u0130stanbul Medeniyet \u00dcniversitesi Kastamonu \u00dcniversitesi Marmara \u00dcniveristesi Osmaniye Korkut Ata \u00dcniversitesi Yak\u0131ndo\u011fu \u00dcniversitesi Y\u0131ld\u0131r\u0131m Beyaz\u0131t \u00dcniversitesi Bart\u0131n \u00dcniversitesi \u00a0\u0130zmir Katip \u00c7elebi \u00dcniversitesi Ardahan \u00dcniversitesi Tokat Gaziosmanpa\u015fa \u00dcniversitesi \u00a0 \u00a0 \u00a0 [&hellip;]<\/p>\n","protected":false},"author":1,"featured_media":0,"parent":0,"menu_order":2,"comment_status":"open","ping_status":"open","template":"","meta":{"footnotes":""},"class_list":["post-95","page","type-page","status-publish","hentry"],"_links":{"self":[{"href":"https:\/\/www.bbyhaber.com\/bby\/wp-json\/wp\/v2\/pages\/95"}],"collection":[{"href":"https:\/\/www.bbyhaber.com\/bby\/wp-json\/wp\/v2\/pages"}],"about":[{"href":"https:\/\/www.bbyhaber.com\/bby\/wp-json\/wp\/v2\/types\/page"}],"author":[{"embeddable":true,"href":"https:\/\/www.bbyhaber.com\/bby\/wp-json\/wp\/v2\/users\/1"}],"replies":[{"embeddable":true,"href":"https:\/\/www.bbyhaber.com\/bby\/wp-json\/wp\/v2\/comments?post=95"}],"version-history":[{"count":22,"href":"https:\/\/www.bbyhaber.com\/bby\/wp-json\/wp\/v2\/pages\/95\/revisions"}],"predecessor-version":[{"id":28932,"href":"https:\/\/www.bbyhaber.com\/bby\/wp-json\/wp\/v2\/pages\/95\/revisions\/28932"}],"wp:attachment":[{"href":"https:\/\/www.bbyhaber.com\/bby\/wp-json\/wp\/v2\/media?parent=95"}],"curies":[{"name":"wp","href":"https:\/\/api.w.org\/{rel}","templated":true}]}}