{"id":21671,"date":"2017-04-17T09:44:16","date_gmt":"2017-04-17T06:44:16","guid":{"rendered":"http:\/\/www.bbyhaber.com\/bby\/?page_id=21671"},"modified":"2021-01-07T22:31:09","modified_gmt":"2021-01-07T19:31:09","slug":"bby-haber-kullanim-sozlesmesi","status":"publish","type":"page","link":"https:\/\/www.bbyhaber.com\/bby\/bby-haber-kullanim-sozlesmesi","title":{"rendered":"BBY Haber Kullan\u0131m S\u00f6zle\u015fmesi ve \u00c7erez Politikas\u0131"},"content":{"rendered":"<div align=\"justify\">\n<p><strong>BBY Haber<\/strong>, hukuka ve yasalara sayg\u0131l\u0131 oldu\u011fu gibi, kamunun, i\u015f ortaklar\u0131n\u0131n ve \u00fc\u00e7\u00fcnc\u00fc ki\u015filerin fikri s\u0131nai haklar\u0131na ve ki\u015filik haklar\u0131na sayg\u0131l\u0131 olmay\u0131 benimsemi\u015ftir.<\/p>\n<p><strong>BBY Haber<\/strong>, \u00fcyelerinin ve kullan\u0131c\u0131lar\u0131n\u0131n olu\u015fturduklar\u0131 i\u00e7erik bak\u0131m\u0131ndan <strong><em><a href=\"http:\/\/www.mevzuat.gov.tr\/MevzuatMetin\/1.5.5651.pdf\" target=\"_blank\" rel=\"noopener noreferrer\">5651 say\u0131l\u0131<\/a> &#8220;\u0130nternet Ortam\u0131nda Yap\u0131lan Yay\u0131nlar\u0131n D\u00fczenlenmesi ve Bu Yay\u0131nlar Yoluyla \u0130\u015flenen Su\u00e7larla M\u00fccadele edilmesi Hakk\u0131nda Kanun&#8221;<\/em><\/strong>da tan\u0131mlanan &#8220;yer sa\u011flay\u0131c\u0131&#8221;; kendi \u00fcretti\u011fi i\u00e7eriklerle ilgili olarak ise &#8220;i\u00e7erik sa\u011flay\u0131c\u0131&#8221; olarak hizmet vermektedir.<\/p>\n<p><strong>BBY Haber<\/strong>&#8216;in, kullan\u0131c\u0131lar\u0131n\u0131n ve \u00fcyelerinin olu\u015fturdu\u011fu i\u00e7eriklerin hukuka ayk\u0131r\u0131 olup olmad\u0131\u011f\u0131n\u0131 kontrol etme y\u00fck\u00fcml\u00fcl\u00fc\u011f\u00fc yoktur. <strong>BBY Haber<\/strong>, hukuka ayk\u0131r\u0131 i\u00e7erikler ile 3. Ki\u015filerin haklar\u0131n\u0131n ihlal edildi\u011fi d\u00fc\u015f\u00fcn\u00fclen i\u00e7eriklerde &#8220;UYAR ve KALDIR&#8221; y\u00f6ntemini benimsemi\u015ftir.<\/p>\n<p><strong>BBY Haber<\/strong> i\u00e7erisindeki baz\u0131 i\u00e7eriklerin ki\u015filik haklar\u0131n\u0131, fikri ve s\u0131nai haklar\u0131 ihlal etti\u011fi iddias\u0131nda olan ger\u00e7ek ve t\u00fczel ki\u015filer, kom\u015fu veya ba\u011flant\u0131l\u0131 hak sahipleri ya da meslek birlikleri:<\/p>\n<ul>\n<li>\u0130hlale konu i\u00e7eriklerin URL adresi ve ihlale konu i\u00e7eri\u011fin konusunu,<\/li>\n<li>Ger\u00e7ek ki\u015fi ise kimli\u011fini g\u00f6sterir belge, t\u00fczel ki\u015fi ise oda kay\u0131t belgesi, meslek birli\u011fi ise yetkili ki\u015finin imzas\u0131 bulunan antetli bir talep yaz\u0131s\u0131n\u0131, vekaletle i\u015flem yapma yetkisi kullan\u0131l\u0131yorsa vekaletnameyi,<\/li>\n<li>Fikri ve s\u0131nai haklara ili\u015fkin taleplerde hak sahibi oldu\u011funu g\u00f6steren belgeyi,<\/li>\n<li>A\u00e7\u0131k ad \/ unvan ve a\u00e7\u0131k ileti\u015fim adreslerini,<\/li>\n<\/ul>\n<p>sunmak kayd\u0131yla <strong>BBY Haber<\/strong>&#8216;in <a href=\"mailto:bbyhaber@gmail.com\">bbyhaber@gmail.com<\/a> adresine bildirim yapabilirler. Bu elektronik ileti\u015fim adresine ula\u015fan talep ve \u015fikayetler hukuk servisi taraf\u0131ndan incelenecek, gerekli g\u00f6r\u00fcld\u00fc\u011f\u00fc takdirde ihlale konu i\u00e7erikler <strong>BBY Haber<\/strong> sisteminden en k\u0131sa s\u00fcrede \u00e7\u0131kar\u0131lacak ve muhataba bilgi verilecektir.<\/p>\n<\/div>\n<p><strong>\u00c7erez Politikas\u0131<\/strong><\/p>\n<p>Bu politika kapsam\u0131nda \u201c\u00c7erez\u201d kavram\u0131, \u00e7erez ve benzer amaca hizmet eden \u00fcr\u00fcnleri ifade etmektedir.<\/p>\n<p>\u00c7erez Nedir?<\/p>\n<p>\u00c7erez, bir siteyi ziyaret etti\u011finizde sitenin bilgisayar\u0131n\u0131za veya mobil cihaz\u0131n\u0131za kaydetti\u011fi k\u00fc\u00e7\u00fck boyutlu bir metin dosyas\u0131d\u0131r. \u00c7erezler bir web sitesinin \u00e7al\u0131\u015fmas\u0131, daha verimli \u00e7al\u0131\u015fmas\u0131 veya web sitesinin sahiplerine bilgi sa\u011flamak i\u00e7in yayg\u0131n olarak kullan\u0131lmaktad\u0131r.<\/p>\n<p>\u00c7erezler hakk\u0131nda daha detayl\u0131 bilgi i\u00e7in http:\/\/www.aboutcookies.org ve http:\/\/www.allaboutcookies.org adreslerini ziyaret edebilirsiniz.<\/p>\n<p>Ne i\u00e7in kullan\u0131l\u0131r?<\/p>\n<p>\u00c7erezler bilgisayarlarda, telefonlarda ve di\u011fer cihazlarda sizi tan\u0131mlayan bilgileri ve siteyi kullan\u0131rken yapt\u0131\u011f\u0131n\u0131z hareketleri, kullan\u0131m al\u0131\u015fkanl\u0131klar\u0131n\u0131z\u0131 toplamak, tutmak ve devam\u0131nda internet sitemizi iyile\u015ftirmek ve size \u00f6zel ki\u015fiselle\u015ftirmek i\u00e7in kullan\u0131l\u0131r.<\/p>\n<p>Biz de BBY Haber olarak www.bbyhaber.com internet sayfas\u0131nda, site i\u00e7eri\u011fi ile nas\u0131l etkile\u015fime ge\u00e7ti\u011finizi tespit etmek ve kullan\u0131c\u0131 deneyiminizi geli\u015ftirebilmek i\u00e7in \u00e7e\u015fitli \u00e7erezler kullanmaktay\u0131z. Web sitemizde kullan\u0131lan \u00e7erezler hakk\u0131nda daha detayl\u0131 bilgi edinmek i\u00e7in \u00c7erez Tablomuzu inceleyebilirsiniz.<\/p>\n<p>Birinci Taraf ve \u00dc\u00e7\u00fcnc\u00fc Taraf \u00c7erezler<\/p>\n<p>BBY Haber\u2019ne ait www.bbyhaber.com internet sayfas\u0131nda hem birinci taraf hem de \u00fc\u00e7\u00fcnc\u00fc taraf \u00e7erezler kullan\u0131lmaktad\u0131r.<\/p>\n<p>Birinci taraf \u00e7erezler, \u015firketimiz taraf\u0131ndan www.bbyhaber.com domainine yerle\u015ftirilmi\u015f ve sadece BBY Haber taraf\u0131ndan okunabilen; kullanc\u0131n\u0131n dil, lokasyon tercihi gibi temel site fonksiyonlar\u0131n\u0131n yerine getirilmesi s\u00fcrecinde kullan\u0131c\u0131 deneyiminizi geli\u015ftirebilmek amac\u0131yla kullan\u0131lan \u00e7erezlerdir.<\/p>\n<p>\u00dc\u00e7\u00fcnc\u00fc taraf \u00e7erezler, BBY Haber\u2019in i\u015f ortaklar\u0131 veya servis sa\u011flay\u0131c\u0131lar gibi \u00fc\u00e7\u00fcnc\u00fc ki\u015filere ait ve \u00fc\u00e7\u00fcnc\u00fc ki\u015filer taraf\u0131ndan y\u00fcr\u00fct\u00fclen \u00e7erezlerdir.<\/p>\n<p>Websitemizde Kullan\u0131lan \u00c7erezler<\/p>\n<p>Otantikasyon \u00c7erezleri: \u00dcyelerimizin her sayfada \u015fifrelerini yeniden girmemeleri i\u00e7in kullan\u0131lan \u00e7erezlerdir. Facebook connect giri\u015flerinde de benzer \u00e7erezler kullan\u0131lmaktad\u0131r.<\/p>\n<p>Reklam \u00c7erezleri: Davran\u0131\u015fsal ve hedef odakl\u0131 reklamlar\u0131n ziyaret\u00e7ilere g\u00f6sterilmesi amac\u0131yla kullan\u0131lan \u00e7erezlerdir.<\/p>\n<p>Analitik \u00c7erezler: \u00dcyelerimizin\/ziyaret\u00e7ilerimizin kullan\u0131m al\u0131\u015fkanl\u0131klar\u0131n\u0131 analiz etmek ve uygulama istatistiklerini belirlemek i\u00e7in kullan\u0131lan \u00e7erezlerdir. (\u00d6rne\u011fin: Sitemizin ka\u00e7 kere a\u00e7\u0131ld\u0131\u011f\u0131, sitemizin hangi saatlerde kullan\u0131ld\u0131\u011f\u0131, sitemiz i\u00e7erisinde en \u00e7ok kullan\u0131lan b\u00f6l\u00fcmlerin neler oldu\u011fu)<\/p>\n<p>Teknik \u00c7erezler: \u0130nternet sitesinin d\u00fczg\u00fcn \u00e7al\u0131\u015fmas\u0131n\u0131n takibi amac\u0131yla kullan\u0131lan \u00e7erezlerdir.<\/p>\n<p>Ki\u015fiselle\u015ftirme \u00c7erezleri: Kullan\u0131c\u0131 davran\u0131\u015f ve tercihlerine g\u00f6re ki\u015fiselle\u015ftirilmi\u015f i\u00e7erik ve deneyim sunmak amac\u0131yla kullan\u0131lan \u00e7erezlerdir.<\/p>\n<p>\u00c7erezleri Nas\u0131l Silebilirim veya Reddedebilirim?<\/p>\n<p>www.bbyhaber.com internet sayfas\u0131nda, sitemizin aktif ve verimli bir \u015fekilde \u00e7al\u0131\u015fmas\u0131 i\u00e7in birtak\u0131m zorunlu \u00e7erezler kullan\u0131lmaktad\u0131r. Gizlilik Tercih Paneli \u00fczerinden bu \u00e7erezler devre d\u0131\u015f\u0131 b\u0131rak\u0131lamamaktad\u0131r. Sitemizde kullan\u0131lan zorunlu \u00e7erezler i\u00e7in \u201cGizlilik Tercih Paneli\u201dni kullanabilirsiniz.<\/p>\n<p>Di\u011fer taraftan, zorunlu \u00e7erezlerin d\u0131\u015f\u0131nda kalan t\u00fcm \u00e7erez gruplar\u0131 kendili\u011finden \u201cDevre D\u0131\u015f\u0131 B\u0131rak\u0131lm\u0131\u015f\u201d bir \u015fekilde gelmektedir. Kullan\u0131c\u0131lar\u0131m\u0131z, istekleri do\u011frultusunda bu \u00e7erezleri tekrar aktif hale getirebilir veya aktifle\u015ftirmi\u015f oldu\u011fu \u00e7erezleri daha sonra tekrar devre d\u0131\u015f\u0131 b\u0131rakabilir. Ancak \u00f6nemle belirtmek gerekir ki kulland\u0131\u011f\u0131m\u0131z \u00e7erezlerin devre d\u0131\u015f\u0131 b\u0131rak\u0131lmas\u0131\/kalmas\u0131, www.bbyhaber.com internet sayfas\u0131ndaki kullan\u0131c\u0131 deneyiminizi etkileyebilir. Zorunlu olmayan \u00e7erezlerin aktif hale getirilmemesi durumunda, uygulamay\u0131 ve\/veya internet sitesini kullanmaya devam edebilirsiniz fakat uygulaman\u0131n ve\/veya internet sitesinin t\u00fcm i\u015flevlerine eri\u015femeyebilirsiniz veya s\u0131n\u0131rl\u0131 bir eri\u015fim imk\u00e2n\u0131 ile kar\u015f\u0131la\u015fabilirsiniz. Uygulamadan ve\/veya internet sitesinden tam anlam\u0131yla faydalanmak i\u00e7in \u00e7erezlere izin vermenizi tavsiye ediyoruz.<\/p>\n<p>\u00c7erezlerin \u201cGizlilik Tercihi Paneli\u201d D\u0131\u015f\u0131nda Y\u00f6netilmesi:<\/p>\n<p>Sitemizde kullan\u0131lan \u00e7erezleri en verimli \u015fekilde y\u00f6netimi \u201cGizlilik Tercih Paneli\u201d \u00fczerinden sa\u011flanmaktad\u0131r. Ancak siz de\u011ferleri kullan\u0131c\u0131lar\u0131m\u0131z, \u00e7erezleri y\u00f6netmek i\u00e7in taray\u0131c\u0131n\u0131za ba\u011fl\u0131 olarak a\u015fa\u011f\u0131daki y\u00f6ntemleri de tercih edebilirsiniz:<\/p>\n<p>Safari: Telefonunuzun &#8220;Ayarlar&#8221; b\u00f6l\u00fcm\u00fcnden &#8220;safari&#8221; sekmesini se\u00e7ip, &#8220;Gizlilik ve G\u00fcvenlik&#8221; B\u00f6l\u00fcm\u00fcnden t\u00fcm \u00e7erez y\u00f6netiminizi sa\u011flayabilirsiniz.<\/p>\n<p>Di\u011fer taray\u0131c\u0131lar: \u0130lgili taray\u0131c\u0131n\u0131n yard\u0131m veya destek sayfalar\u0131n\u0131 inceleyebilir veya www.youronlinechoices.eu\/tr\/ adresini ziyaret ederek detayl\u0131 bilgi alabilirsiniz.<\/p>\n<p>Anl\u0131k olarak ka\u00e7 say\u0131da \u00e7erez ile takip edildi\u011finizi g\u00f6r\u00fcnt\u00fclemek i\u00e7in Ghostery uygulamas\u0131n\u0131 veya do\u011frudan taray\u0131c\u0131y\u0131 olarak Brave kullanabilirsiniz.<\/p>\n","protected":false},"excerpt":{"rendered":"<p>BBY Haber, hukuka ve yasalara sayg\u0131l\u0131 oldu\u011fu gibi, kamunun, i\u015f ortaklar\u0131n\u0131n ve \u00fc\u00e7\u00fcnc\u00fc ki\u015filerin fikri s\u0131nai haklar\u0131na ve ki\u015filik haklar\u0131na sayg\u0131l\u0131 olmay\u0131 benimsemi\u015ftir. BBY Haber, \u00fcyelerinin ve kullan\u0131c\u0131lar\u0131n\u0131n olu\u015fturduklar\u0131 i\u00e7erik bak\u0131m\u0131ndan 5651 say\u0131l\u0131 &#8220;\u0130nternet Ortam\u0131nda Yap\u0131lan Yay\u0131nlar\u0131n D\u00fczenlenmesi ve Bu Yay\u0131nlar Yoluyla \u0130\u015flenen Su\u00e7larla M\u00fccadele edilmesi Hakk\u0131nda Kanun&#8221;da tan\u0131mlanan &#8220;yer sa\u011flay\u0131c\u0131&#8221;; kendi \u00fcretti\u011fi i\u00e7eriklerle ilgili [&hellip;]<\/p>\n","protected":false},"author":129,"featured_media":0,"parent":0,"menu_order":0,"comment_status":"closed","ping_status":"closed","template":"","meta":{"footnotes":""},"class_list":["post-21671","page","type-page","status-publish","hentry"],"_links":{"self":[{"href":"https:\/\/www.bbyhaber.com\/bby\/wp-json\/wp\/v2\/pages\/21671"}],"collection":[{"href":"https:\/\/www.bbyhaber.com\/bby\/wp-json\/wp\/v2\/pages"}],"about":[{"href":"https:\/\/www.bbyhaber.com\/bby\/wp-json\/wp\/v2\/types\/page"}],"author":[{"embeddable":true,"href":"https:\/\/www.bbyhaber.com\/bby\/wp-json\/wp\/v2\/users\/129"}],"replies":[{"embeddable":true,"href":"https:\/\/www.bbyhaber.com\/bby\/wp-json\/wp\/v2\/comments?post=21671"}],"version-history":[{"count":7,"href":"https:\/\/www.bbyhaber.com\/bby\/wp-json\/wp\/v2\/pages\/21671\/revisions"}],"predecessor-version":[{"id":28955,"href":"https:\/\/www.bbyhaber.com\/bby\/wp-json\/wp\/v2\/pages\/21671\/revisions\/28955"}],"wp:attachment":[{"href":"https:\/\/www.bbyhaber.com\/bby\/wp-json\/wp\/v2\/media?parent=21671"}],"curies":[{"name":"wp","href":"https:\/\/api.w.org\/{rel}","templated":true}]}}