{"id":10222,"date":"2013-03-14T15:58:39","date_gmt":"2013-03-14T13:58:39","guid":{"rendered":"http:\/\/www.bbyhaber.com\/bby\/?page_id=10222"},"modified":"2018-05-10T14:34:54","modified_gmt":"2018-05-10T11:34:54","slug":"bby-oyp","status":"publish","type":"page","link":"https:\/\/www.bbyhaber.com\/bby\/bbysinavlar\/bby-oyp","title":{"rendered":"BBY \u00d6YP"},"content":{"rendered":"<p><strong>\u200b\u200bBBY \u00d6\u011fretim \u00dcyesi Yeti\u015ftirme Program\u0131 (\u00d6YP)<\/strong><\/p>\n<p><a href=\"http:\/\/www.bbyhaber.com\/bby\/category\/bby-oyp-2\/\"><span style=\"color: #0000ff;\">BBY \u00d6YP ile ilgili t\u00fcm haberler i\u00e7in t\u0131klay\u0131n\u0131z<\/span><\/a><\/p>\n<p>{tab=2015}<\/p>\n<table border=\"1\" width=\"350\">\n<tbody>\n<tr>\n<td bgcolor=\"#cccccc\" width=\"284\">\n<ul>\n<li><a title=\"\u00d6\u011fretim \u00dcyesi Yeti\u015ftirme Program\u0131 (\u00d6YP) BBY kadrolar\u0131 a\u00e7\u0131kland\u0131-Son Ba\u015fvuru-15 Ocak 2016\" href=\"http:\/\/www.bbyhaber.com\/bby\/2016\/01\/04\/ogretim-uyesi-yetistirme-programi-oyp-bby-kadrolari-aciklandi-son-basvuru-15-ocak-2016\/\"><strong>BBY \u00d6YP i\u00e7in a\u00e7\u0131lan kadrolar-Aral\u0131k 2015<\/strong><\/a><\/li>\n<\/ul>\n<\/td>\n<\/tr>\n<tr>\n<td bgcolor=\"#cccccc\" width=\"284\">\n<ul>\n<li><strong><a title=\"2015 BBY \u00d6YP En K\u00fc\u00e7\u00fck ve En B\u00fcy\u00fck Puanlar\u0131 A\u00e7\u0131kland\u0131\" href=\"http:\/\/www.bbyhaber.com\/bby\/2016\/01\/28\/2015-bby-oyp-en-kucuk-ve-en-buyuk-puanlari-aciklandi\/\">2015 BBY \u00d6YP En K\u00fc\u00e7\u00fck ve En B\u00fcy\u00fck Puanlar\u0131-Aral\u0131k 2015<\/a><\/strong><\/li>\n<\/ul>\n<\/td>\n<\/tr>\n<tr>\n<td bgcolor=\"#cccccc\" width=\"284\"><\/td>\n<\/tr>\n<tr>\n<td bgcolor=\"#cccccc\" width=\"284\"><\/td>\n<\/tr>\n<tr>\n<td bgcolor=\"#cccccc\" width=\"284\"><\/td>\n<\/tr>\n<\/tbody>\n<\/table>\n<p>{tab=2014}<\/p>\n<table border=\"1\" width=\"350\">\n<tbody>\n<tr>\n<td bgcolor=\"#cccccc\" width=\"284\">\n<ul>\n<li><a title=\"\u00d6\u011fretim \u00dcyesi Yeti\u015ftirme Program\u0131 (\u00d6YP) BBY i\u00e7in a\u00e7\u0131lan kadro say\u0131s\u0131-Son Ba\u015fvuru-01.08.2014\" href=\"http:\/\/www.bbyhaber.com\/bby\/2014\/07\/14\/ogretim-uyesi-yetistirme-programi-oyp-bby-icin-acilan-kadro-sayisi-son-basvuru-01-08-2014\/\"><strong>BBY \u00d6YP i\u00e7in a\u00e7\u0131lan kadrolar-Temmuz 2014<\/strong><\/a><\/li>\n<\/ul>\n<\/td>\n<\/tr>\n<tr>\n<td bgcolor=\"#cccccc\" width=\"284\">\n<ul>\n<li>\u00a0<strong><a title=\"2014 BBY \u00d6YP En K\u00fc\u00e7\u00fck ve En B\u00fcy\u00fck Puanlar\u0131-Temmuz 2014\" href=\"http:\/\/www.bbyhaber.com\/bby\/2014\/08\/07\/2014-bby-oyp-en-kucuk-ve-en-buyuk-puanlari-temmuz-2014\/\">2014 BBY \u00d6YP En K\u00fc\u00e7\u00fck ve En B\u00fcy\u00fck Puanlar\u0131-Temmuz 2014<\/a><\/strong><\/li>\n<\/ul>\n<\/td>\n<\/tr>\n<tr>\n<td bgcolor=\"#cccccc\" width=\"284\"><\/td>\n<\/tr>\n<tr>\n<td bgcolor=\"#cccccc\" width=\"284\"><\/td>\n<\/tr>\n<tr>\n<td bgcolor=\"#cccccc\" width=\"284\"><\/td>\n<\/tr>\n<\/tbody>\n<\/table>\n<p>{tab=2013}<\/p>\n<table border=\"1\" width=\"350\">\n<tbody>\n<tr>\n<td bgcolor=\"#cccccc\" width=\"284\">\n<ul>\n<li><a title=\"\u00d6YP BBY lisans\u00fcst\u00fc e\u011fitim ba\u015fvurular\u0131 ba\u015flad\u0131\" href=\"http:\/\/www.bbyhaber.com\/bby\/2013\/02\/05\/oyp-bby-lisansustu-egitim-basvurulari-basladi\/\"><strong>BBY \u00d6YP lisans\u00fcst\u00fc e\u011fitim ba\u015fvurular\u0131 ba\u015flad\u0131<\/strong><\/a><\/li>\n<\/ul>\n<\/td>\n<\/tr>\n<tr>\n<td bgcolor=\"#cccccc\" width=\"284\">\n<ul>\n<li><strong><a title=\"\u00d6\u011fretim \u00dcyesi Yeti\u015ftirme Program\u0131 (\u00d6YP) BBY i\u00e7in a\u00e7\u0131lan kadro say\u0131s\u0131-Son Ba\u015fvuru-23 Temmuz 2013\" href=\"http:\/\/www.bbyhaber.com\/bby\/2013\/07\/10\/ogretim-uyesi-yetistirme-programi-oyp-bby-icin-acilan-kadro-sayisi-son-basvuru-23-temmuz-2013\/\">BBY \u00d6YP i\u00e7in a\u00e7\u0131lan kadrolar-Temmuz 2013<\/a><\/strong><\/li>\n<\/ul>\n<\/td>\n<\/tr>\n<tr>\n<td bgcolor=\"#cccccc\" width=\"284\">\n<ul>\n<li><strong><a title=\"2013 \u00d6YP En b\u00fcy\u00fck ve En k\u00fc\u00e7\u00fck Puanlar\u0131-Temmuz 2013\" href=\"http:\/\/www.bbyhaber.com\/bby\/2013\/08\/12\/2013-oyp-en-buyuk-ve-en-kucuk-puanlari-temmuz-2013\/\">2013 BBY \u00d6YP En b\u00fcy\u00fck ve En k\u00fc\u00e7\u00fck Puanlar\u0131-Temmuz 2013-1<\/a><\/strong><\/li>\n<\/ul>\n<\/td>\n<\/tr>\n<tr>\n<td bgcolor=\"#cccccc\" width=\"284\">\n<ul>\n<li><a title=\"2013 \u00d6YP En b\u00fcy\u00fck ve En k\u00fc\u00e7\u00fck Puanlar\u0131-Ekim 2013-2\" href=\"http:\/\/www.bbyhaber.com\/bby\/2013\/11\/05\/2013-oyp-en-buyuk-ve-en-kucuk-puanlari-ekim-2013-2\/\"><strong>2013 BBY \u00d6YP En b\u00fcy\u00fck ve En k\u00fc\u00e7\u00fck Puanlar\u0131-Ekim 2013-2<\/strong><\/a><\/li>\n<\/ul>\n<\/td>\n<\/tr>\n<tr>\n<td bgcolor=\"#cccccc\" width=\"284\">\n<ul>\n<li><a title=\"\u00d6YP Kadrolar\u0131 A\u00e7\u0131kland\u0131-BBY kadro say\u0131s\u0131-Son Ba\u015fvuru-25 Aral\u0131k 2013\" href=\"http:\/\/www.bbyhaber.com\/bby\/2013\/12\/17\/oyp-kadrolari-aciklandi-bby-kadro-sayisi-son-basvuru-25-aralik-2013\/\"><strong>BBY \u00d6YP i\u00e7in a\u00e7\u0131lan kadrolar-Aral\u0131k 2013<\/strong><\/a><\/li>\n<\/ul>\n<\/td>\n<\/tr>\n<\/tbody>\n<\/table>\n<p>{tab=2012}<\/p>\n<table border=\"1\" width=\"350\">\n<tbody>\n<tr>\n<td bgcolor=\"#cccccc\" width=\"284\">\n<ul>\n<li><strong><a title=\"\u00d6\u011fretim \u00dcyesi Yeti\u015ftirme Program\u0131 (\u00d6YP)\u2019nda BBY i\u00e7in a\u00e7\u0131lan kadrolar-Temmuz 2012\" href=\"http:\/\/www.bbyhaber.com\/bby\/2012\/07\/16\/ogretim-uyesi-yetistirme-programi-oypnda-bby-icin-acilan-kadrolar\/\">BBY \u00d6YP i\u00e7in a\u00e7\u0131lan kadrolar-Temmuz 2012<\/a><\/strong><\/li>\n<\/ul>\n<\/td>\n<\/tr>\n<tr>\n<td bgcolor=\"#cccccc\" width=\"284\">\n<ul>\n<li><strong><a title=\"\u00d6\u011fretim \u00dcyesi Yeti\u015ftirme Program\u0131 (\u00d6YP) BBY i\u00e7in a\u00e7\u0131lan kontenjan say\u0131lar\u0131-A\u011fustos 2012\" href=\"http:\/\/www.bbyhaber.com\/bby\/2012\/08\/16\/ogretim-uyesi-yetistirme-programi-oyp-bby-icin-acilan-kontenjan-sayilari\/\">BBY \u00d6YP i\u00e7in a\u00e7\u0131lan kontenjan say\u0131lar\u0131-A\u011fustos 2012<\/a><\/strong><\/li>\n<\/ul>\n<\/td>\n<\/tr>\n<tr>\n<td bgcolor=\"#cccccc\" width=\"284\">\n<ul>\n<li><a title=\"\u00d6\u011fretim \u00dcyesi Yeti\u015ftirme Program\u0131 (\u00d6YP) BBY i\u00e7in a\u00e7\u0131lan kadro say\u0131s\u0131-Son Ba\u015fvuru-28 Aral\u0131k 2012\" href=\"http:\/\/www.bbyhaber.com\/bby\/2012\/12\/14\/ogretim-uyesi-yetistirme-programi-oyp-bby-icin-acilan-kadro-sayisi-aralik-2012\/\"><strong>BBY \u00d6YP i\u00e7in a\u00e7\u0131lan kadro say\u0131s\u0131-Son Ba\u015fvuru-28 Aral\u0131k 2012<\/strong><\/a><\/li>\n<\/ul>\n<\/td>\n<\/tr>\n<tr>\n<td bgcolor=\"#cccccc\" width=\"284\">\n<ul>\n<li><a title=\"2012 \u00d6YP En b\u00fcy\u00fck ve En k\u00fc\u00e7\u00fck Puanlar\u0131-Temmuz Yerle\u015ftirmesi\" href=\"http:\/\/www.bbyhaber.com\/bby\/2012\/12\/25\/2012-oyp-en-buyuk-ve-en-kucuk-puanlari\/\"><strong>2012 BBY \u00d6YP En b\u00fcy\u00fck ve En k\u00fc\u00e7\u00fck Puanlar\u0131-Temmuz Yerle\u015ftirmesi<\/strong><\/a><\/li>\n<\/ul>\n<\/td>\n<\/tr>\n<tr>\n<td bgcolor=\"#cccccc\" width=\"284\">\n<ul>\n<li><a title=\"2012 \u00d6YP Ek Yerle\u015ftirme Sonu\u00e7lar\u0131 A\u00e7\u0131kland\u0131\" href=\"http:\/\/www.bbyhaber.com\/bby\/2013\/01\/03\/2012-oyp-ek-yerlestirme-sonuclari-aciklandi\/\"><strong>2012 BBY \u00d6YP Ek Yerle\u015ftirme Sonu\u00e7lar\u0131 A\u00e7\u0131kland\u0131<\/strong><\/a><\/li>\n<\/ul>\n<\/td>\n<\/tr>\n<\/tbody>\n<\/table>\n<p>{\/tabs}<\/p>\n","protected":false},"excerpt":{"rendered":"<p>\u200b\u200bBBY \u00d6\u011fretim \u00dcyesi Yeti\u015ftirme Program\u0131 (\u00d6YP) BBY \u00d6YP ile ilgili t\u00fcm haberler i\u00e7in t\u0131klay\u0131n\u0131z {tab=2015} BBY \u00d6YP i\u00e7in a\u00e7\u0131lan kadrolar-Aral\u0131k 2015 2015 BBY \u00d6YP En K\u00fc\u00e7\u00fck ve En B\u00fcy\u00fck Puanlar\u0131-Aral\u0131k 2015 {tab=2014} BBY \u00d6YP i\u00e7in a\u00e7\u0131lan kadrolar-Temmuz 2014 \u00a02014 BBY \u00d6YP En K\u00fc\u00e7\u00fck ve En B\u00fcy\u00fck Puanlar\u0131-Temmuz 2014 {tab=2013} BBY \u00d6YP lisans\u00fcst\u00fc e\u011fitim ba\u015fvurular\u0131 ba\u015flad\u0131 [&hellip;]<\/p>\n","protected":false},"author":1,"featured_media":0,"parent":301,"menu_order":8,"comment_status":"open","ping_status":"closed","template":"","meta":{"footnotes":""},"class_list":["post-10222","page","type-page","status-publish","hentry"],"_links":{"self":[{"href":"https:\/\/www.bbyhaber.com\/bby\/wp-json\/wp\/v2\/pages\/10222"}],"collection":[{"href":"https:\/\/www.bbyhaber.com\/bby\/wp-json\/wp\/v2\/pages"}],"about":[{"href":"https:\/\/www.bbyhaber.com\/bby\/wp-json\/wp\/v2\/types\/page"}],"author":[{"embeddable":true,"href":"https:\/\/www.bbyhaber.com\/bby\/wp-json\/wp\/v2\/users\/1"}],"replies":[{"embeddable":true,"href":"https:\/\/www.bbyhaber.com\/bby\/wp-json\/wp\/v2\/comments?post=10222"}],"version-history":[{"count":1,"href":"https:\/\/www.bbyhaber.com\/bby\/wp-json\/wp\/v2\/pages\/10222\/revisions"}],"predecessor-version":[{"id":24294,"href":"https:\/\/www.bbyhaber.com\/bby\/wp-json\/wp\/v2\/pages\/10222\/revisions\/24294"}],"up":[{"embeddable":true,"href":"https:\/\/www.bbyhaber.com\/bby\/wp-json\/wp\/v2\/pages\/301"}],"wp:attachment":[{"href":"https:\/\/www.bbyhaber.com\/bby\/wp-json\/wp\/v2\/media?parent=10222"}],"curies":[{"name":"wp","href":"https:\/\/api.w.org\/{rel}","templated":true}]}}